{"id":1523,"date":"2025-12-29T18:56:44","date_gmt":"2025-12-29T18:56:44","guid":{"rendered":"https:\/\/www.casasamba.com\/Registration\/?page_id=1523"},"modified":"2025-12-29T19:51:18","modified_gmt":"2025-12-29T19:51:18","slug":"casa-samba-enredo-2026-2-2","status":"publish","type":"page","link":"https:\/\/www.casasamba.com\/Registration\/casa-samba-enredo-2026-2-2\/","title":{"rendered":"Casa Samba Enredo (Samba Song) 2026 Charts"},"content":{"rendered":"\t\t<div data-elementor-type=\"wp-page\" data-elementor-id=\"1523\" class=\"elementor elementor-1523\">\n\t\t\t\t<div class=\"elementor-element elementor-element-3223805 e-flex e-con-boxed e-con e-parent\" data-id=\"3223805\" data-element_type=\"container\">\n\t\t\t\t\t<div class=\"e-con-inner\">\n\t\t\t\t<div class=\"elementor-element elementor-element-e829582 elementor-widget elementor-widget-heading\" data-id=\"e829582\" data-element_type=\"widget\" data-widget_type=\"heading.default\">\n\t\t\t\t<div class=\"elementor-widget-container\">\n\t\t\t\t\t<h1 class=\"elementor-heading-title elementor-size-default\">\n\n\n\n\nCasa Samba is here in IN-OH-EL-LAY\u00a0(N. O. L. A.) pronunced IN-OH-EL-LAY<\/h1>\t\t\t\t<\/div>\n\t\t\t\t<\/div>\n\t\t\t\t\t<\/div>\n\t\t\t\t<\/div>\n\t\t<div class=\"elementor-element elementor-element-fc141c9 e-flex e-con-boxed e-con e-parent\" data-id=\"fc141c9\" data-element_type=\"container\">\n\t\t\t\t\t<div class=\"e-con-inner\">\n\t\t\t\t<div class=\"elementor-element elementor-element-3a63a11 elementor-widget elementor-widget-image\" data-id=\"3a63a11\" data-element_type=\"widget\" data-widget_type=\"image.default\">\n\t\t\t\t<div class=\"elementor-widget-container\">\n\t\t\t\t\t\t\t\t\t\t\t\t\t\t\t<img fetchpriority=\"high\" decoding=\"async\" width=\"678\" height=\"1024\" src=\"https:\/\/www.casasamba.com\/Registration\/wp-content\/uploads\/2025\/12\/Brasil-Mardi-Gras-Flyer-OnLine-2026-678x1024.png\" class=\"attachment-large size-large wp-image-1518\" alt=\"\" srcset=\"https:\/\/www.casasamba.com\/Registration\/wp-content\/uploads\/2025\/12\/Brasil-Mardi-Gras-Flyer-OnLine-2026-678x1024.png 678w, https:\/\/www.casasamba.com\/Registration\/wp-content\/uploads\/2025\/12\/Brasil-Mardi-Gras-Flyer-OnLine-2026-199x300.png 199w, https:\/\/www.casasamba.com\/Registration\/wp-content\/uploads\/2025\/12\/Brasil-Mardi-Gras-Flyer-OnLine-2026-768x1160.png 768w, https:\/\/www.casasamba.com\/Registration\/wp-content\/uploads\/2025\/12\/Brasil-Mardi-Gras-Flyer-OnLine-2026-1017x1536.png 1017w, https:\/\/www.casasamba.com\/Registration\/wp-content\/uploads\/2025\/12\/Brasil-Mardi-Gras-Flyer-OnLine-2026-1356x2048.png 1356w, https:\/\/www.casasamba.com\/Registration\/wp-content\/uploads\/2025\/12\/Brasil-Mardi-Gras-Flyer-OnLine-2026.png 1647w\" sizes=\"(max-width: 678px) 100vw, 678px\" \/>\t\t\t\t\t\t\t\t\t\t\t\t\t\t\t<\/div>\n\t\t\t\t<\/div>\n\t\t<div class=\"elementor-element elementor-element-77e1be3 e-con-full e-flex e-con e-child\" data-id=\"77e1be3\" data-element_type=\"container\">\n\t\t\t\t<div class=\"elementor-element elementor-element-04c5785 elementor-widget elementor-widget-heading\" data-id=\"04c5785\" data-element_type=\"widget\" data-widget_type=\"heading.default\">\n\t\t\t\t<div class=\"elementor-widget-container\">\n\t\t\t\t\t<h2 class=\"elementor-heading-title elementor-size-default\">Charts should be posted mid January <\/h2>\t\t\t\t<\/div>\n\t\t\t\t<\/div>\n\t\t\t\t<\/div>\n\t\t\t\t\t<\/div>\n\t\t\t\t<\/div>\n\t\t<div class=\"elementor-element elementor-element-06b25a0 e-grid e-con-boxed e-con e-parent\" data-id=\"06b25a0\" data-element_type=\"container\">\n\t\t\t\t\t<div class=\"e-con-inner\">\n\t\t\t\t<div class=\"elementor-element elementor-element-d033ba0 elementor-widget elementor-widget-image\" data-id=\"d033ba0\" data-element_type=\"widget\" data-widget_type=\"image.default\">\n\t\t\t\t<div class=\"elementor-widget-container\">\n\t\t\t\t\t\t\t\t\t\t\t\t\t\t\t<img decoding=\"async\" width=\"1024\" height=\"768\" src=\"https:\/\/www.casasamba.com\/Registration\/wp-content\/uploads\/2024\/09\/IMG_4764-1-1024x768.jpg\" class=\"attachment-large size-large wp-image-584\" alt=\"\" srcset=\"https:\/\/www.casasamba.com\/Registration\/wp-content\/uploads\/2024\/09\/IMG_4764-1-1024x768.jpg 1024w, https:\/\/www.casasamba.com\/Registration\/wp-content\/uploads\/2024\/09\/IMG_4764-1-300x225.jpg 300w, https:\/\/www.casasamba.com\/Registration\/wp-content\/uploads\/2024\/09\/IMG_4764-1-768x576.jpg 768w, https:\/\/www.casasamba.com\/Registration\/wp-content\/uploads\/2024\/09\/IMG_4764-1-1536x1152.jpg 1536w, https:\/\/www.casasamba.com\/Registration\/wp-content\/uploads\/2024\/09\/IMG_4764-1-2048x1536.jpg 2048w\" sizes=\"(max-width: 1024px) 100vw, 1024px\" \/>\t\t\t\t\t\t\t\t\t\t\t\t\t\t\t<\/div>\n\t\t\t\t<\/div>\n\t\t\t\t<div class=\"elementor-element elementor-element-ab51467 elementor-widget elementor-widget-image\" data-id=\"ab51467\" data-element_type=\"widget\" data-widget_type=\"image.default\">\n\t\t\t\t<div class=\"elementor-widget-container\">\n\t\t\t\t\t\t\t\t\t\t\t\t\t\t\t<img decoding=\"async\" width=\"1024\" height=\"683\" src=\"https:\/\/www.casasamba.com\/Registration\/wp-content\/uploads\/2024\/09\/NOTMC_333280_77e56dd0-5056-b365-abe46066a205e6e2-1024x683.jpg\" class=\"attachment-large size-large wp-image-599\" alt=\"\" srcset=\"https:\/\/www.casasamba.com\/Registration\/wp-content\/uploads\/2024\/09\/NOTMC_333280_77e56dd0-5056-b365-abe46066a205e6e2-1024x683.jpg 1024w, https:\/\/www.casasamba.com\/Registration\/wp-content\/uploads\/2024\/09\/NOTMC_333280_77e56dd0-5056-b365-abe46066a205e6e2-300x200.jpg 300w, https:\/\/www.casasamba.com\/Registration\/wp-content\/uploads\/2024\/09\/NOTMC_333280_77e56dd0-5056-b365-abe46066a205e6e2-768x512.jpg 768w, https:\/\/www.casasamba.com\/Registration\/wp-content\/uploads\/2024\/09\/NOTMC_333280_77e56dd0-5056-b365-abe46066a205e6e2.jpg 1200w\" sizes=\"(max-width: 1024px) 100vw, 1024px\" \/>\t\t\t\t\t\t\t\t\t\t\t\t\t\t\t<\/div>\n\t\t\t\t<\/div>\n\t\t\t\t\t<\/div>\n\t\t\t\t<\/div>\n\t\t<div class=\"elementor-element elementor-element-4a77dea e-flex e-con-boxed e-con e-parent\" data-id=\"4a77dea\" data-element_type=\"container\">\n\t\t\t\t\t<div class=\"e-con-inner\">\n\t\t<div class=\"elementor-element elementor-element-8cdc6f3 e-con-full e-flex e-con e-child\" data-id=\"8cdc6f3\" data-element_type=\"container\">\n\t\t\t\t<div class=\"elementor-element elementor-element-ca1fc17 elementor-widget elementor-widget-heading\" data-id=\"ca1fc17\" data-element_type=\"widget\" data-widget_type=\"heading.default\">\n\t\t\t\t<div class=\"elementor-widget-container\">\n\t\t\t\t\t<h2 class=\"elementor-heading-title elementor-size-default\">Mardi Gras  Brazil Conference Official Samba Song <span style=\"font-weight: var( --e-global-typography-primary-font-weight )\">2026 <\/span><span style=\"font-family: var( --e-global-typography-primary-font-family ), Sans-serif;font-weight: var( --e-global-typography-primary-font-weight )\"><\/span><br><\/h2>\t\t\t\t<\/div>\n\t\t\t\t<\/div>\n\t\t\t\t<div class=\"elementor-element elementor-element-f8343d7 elementor-widget elementor-widget-heading\" data-id=\"f8343d7\" data-element_type=\"widget\" data-widget_type=\"heading.default\">\n\t\t\t\t<div class=\"elementor-widget-container\">\n\t\t\t\t\t<h2 class=\"elementor-heading-title elementor-size-default\">About the song;<\/h2>\t\t\t\t<\/div>\n\t\t\t\t<\/div>\n\t\t\t\t<div class=\"elementor-element elementor-element-3b7257a elementor-widget elementor-widget-text-editor\" data-id=\"3b7257a\" data-element_type=\"widget\" data-widget_type=\"text-editor.default\">\n\t\t\t\t<div class=\"elementor-widget-container\">\n\t\t\t\t\t\t\t\t\t<p class=\"p1\">\u00a0<\/p><p class=\"p1\">\u00a0 \u00a0<strong>This<\/strong> song tells the story of <strong>Oxossi king of the forest<\/strong>. This song is about the awareness of our disappearing forests and trees, due to the excessive use of developers throughout the world. We have been excessively using paper for thousands of years. Which means the death of millions of trees. The song about Oxossi, the king of the forest, also points out awareness and survival. <strong>Oxossi is a hunter<\/strong> and a protector and the brother of a fierce warrior called Ogum. Oxossi\u2019s sidekick is called <strong>Osain, who is the guardian of the secret potion<\/strong> that we call Tylenol, aspirin, and other pharmaceutical drugs that we buy from the pharmacy. Osaine would be considered a pharmacist because it his extensive knowledge of plants and herbs. To rid the body of sickness.<\/p><p class=\"p1\">The main reason we are using Oxossi is that my research synchronizes this particular Orixa or patron saint with the Mardi Gras Indians. In Brazil, there is a group of practitioners of a religion called Caboclo, which involves a mixture of Indians and Africans. Very similar to the synchronization of indigenous people, we have here in New Orleans. The history behind the Mardi Gras Indians is that they were given sanction and help to hide them within their villages, and not be detected, because some of the enslaved people and Indians, some of whom had dark skin<\/p><p class=\"p1\"><span class=\"Apple-converted-space\">\u00a0 <\/span>That was the way they were able to blend in with the traditional Indian tribes because of the color of their skin <br \/>Within this song, we blended the Mardi Gras Indians&#8217; chants with the chants of a song for Oxossi<\/p><p><span class=\"Apple-converted-space\">\u00a0\u00a0 <\/span>One of the main focuses is of this song is to enlighten the community of the Carnival cultural update. CASA Samba is the first samba organization to establish a partnership with Escola de Samba Academico do Salgueiro, and how it was developed. To make people aware of the first American to obtain master positions in disciplines of culture afro Brazilian martial arts, Kapoeira, and the Afro-Brasilian Culture, highlighting the parade traditions and similarities in New Orleans. Also, in the partnership between Casa Samba and Salgeiro, it has established its position in the city of New Orleans as the cultural ambassador of Afro-Brazilian culture<\/p><p class=\"p1\">\u00a0 Casa Samba has been the leader of Brazilian culture since 1989. When we were given a proclamation. The song also brings attention to the awareness of the Orixas who dwell in the city. Oxossi, synchronization with the Mardi Gras Indians<\/p><p>Find out all these things at the conference Mardi Gras&#8217;s Brazil 2026<\/p>\t\t\t\t\t\t\t\t<\/div>\n\t\t\t\t<\/div>\n\t\t\t\t<div class=\"elementor-element elementor-element-d337d85 elementor-widget elementor-widget-heading\" data-id=\"d337d85\" data-element_type=\"widget\" data-widget_type=\"heading.default\">\n\t\t\t\t<div class=\"elementor-widget-container\">\n\t\t\t\t\t<h2 class=\"elementor-heading-title elementor-size-default\">Escola de Samba Casa Samba's Enredo 2025<\/h2>\t\t\t\t<\/div>\n\t\t\t\t<\/div>\n\t\t\t\t<div class=\"elementor-element elementor-element-6381a14 elementor-widget elementor-widget-text-editor\" data-id=\"6381a14\" data-element_type=\"widget\" data-widget_type=\"text-editor.default\">\n\t\t\t\t<div class=\"elementor-widget-container\">\n\t\t\t\t\t\t\t\t\t<h2><strong>1.Choose the samba instrument or instruments that you will be working with.<\/strong><\/h2><h2><strong>2.Play Casa Samba Enredo(samba song)\u00a0 the audio from the instrument of your choice, then study to parts. Just to let you know during the parade you are able to play at least two instruments or more.\u00a0<\/strong><\/h2>\t\t\t\t\t\t\t\t<\/div>\n\t\t\t\t<\/div>\n\t\t\t\t<\/div>\n\t\t\t\t<div class=\"elementor-element elementor-element-b223bda elementor-widget elementor-widget-heading\" data-id=\"b223bda\" data-element_type=\"widget\" data-widget_type=\"heading.default\">\n\t\t\t\t<div class=\"elementor-widget-container\">\n\t\t\t\t\t<h2 class=\"elementor-heading-title elementor-size-default\">Oxossi King of the Forest\n<\/h2>\t\t\t\t<\/div>\n\t\t\t\t<\/div>\n\t\t\t\t<div class=\"elementor-element elementor-element-e075b20 elementor-widget elementor-widget-text-editor\" data-id=\"e075b20\" data-element_type=\"widget\" data-widget_type=\"text-editor.default\">\n\t\t\t\t<div class=\"elementor-widget-container\">\n\t\t\t\t\t\t\t\t\t<h2><strong>[Style of music<\/strong><br \/><strong>Samba Enreado, Carnaval music of Rio de Janeiro, 135bpm, <\/strong><br \/><strong>Escola de [samba of Rio Style, Samba drums, cavaquinho. Seven string, Bateria],<\/strong><\/h2><h2><strong>(Verse 1 Samba instruments Carnaval)<\/strong><br \/><strong>Ok\u00ea Ar\u00f4ooooooooooow Ox\u00f3ssi <\/strong><br \/><strong>The Boss of the forest when you get lost.<\/strong><br \/><strong>Ok\u00ea Ar\u00f4ooooooooooow Ox\u00f3ssi<\/strong><br \/><strong>Is a guide fah-show when you lose your way to go.<\/strong><\/h2><h2><strong>Ox\u00f3ssi King of the forest and trees,<\/strong><br \/><strong>Protector of the plants, animals, birds and bees.<\/strong><\/h2><h2><strong>A deadly marksman with the arrow or the \u2028shot, hits the target ever time right on the dot.<\/strong><\/h2><h2><strong>The master of the snare, within ah snap, <\/strong><br \/><strong>could have you in a trap. Next thing you know<\/strong><br \/><strong>it\u2019s ah wrap.<\/strong><\/h2><h2><strong>(Verse 2 Samba instruments Carnaval)\u2028<\/strong><br \/><strong>Ox\u00f3ssi is the younger brother of Ogum.<\/strong><br \/><strong>The protector and brings the doom.<\/strong><br \/><strong>Next to none of the most fierce of <\/strong><br \/><strong>all the warriors under the sun.<\/strong><\/h2><h2><strong>Together on the scennnne, with the pharmacist<\/strong><br \/><strong>of the forest called O-sa-in.<\/strong><br \/><strong>Guardian of the secret potions,<\/strong><br \/><strong>from plants and herbs.<\/strong><\/h2><h2><strong>That will make you do a dance And then enter ah trance.<\/strong><br \/><strong>With O-sa-in, you can take a chance.<\/strong><br \/><strong>\u2028(Chorus &#8211; Samba instruments, Carnaval, intense, driving,)<\/strong><\/h2><h2><strong>Aw-dey Ooooooooo, Ah-Aey.<\/strong><br \/><strong>Aw-dey Ooooooooo, Ah-Aey.<\/strong><br \/><strong>\u2028Aw-dey Ooooooooo, Ah-Aey.<\/strong><br \/><strong>Aw-dey Ooooooooo, Ah-Aey.<\/strong><\/h2><h2><strong>Aw-dey Ooooooooo, Ah-Aey.<\/strong><br \/><strong>Aw-dey Ooooooooo, Ah-Aey.<\/strong><br \/><strong>\u2028Aw-dey Ooooooooo, Ah-Aey.<\/strong><br \/><strong>Aw-dey Ooooooooo, Ah-Aey.<\/strong><\/h2><h2><strong>(Verse 3 &#8211; Samba instruments Carnaval)<\/strong><\/h2><h2><strong>Caaaasa Samba the leader of<\/strong><br \/><strong>Afro Brazilian, culture of New Orleans.<\/strong><\/h2><h2><strong>We want to introduce to you <\/strong><br \/><strong>a cultural update to review.<\/strong><\/h2><h2><strong>What we have found brings a new chief to town<\/strong><br \/><strong>Big Chief Ok\u00ea Ar\u00f4! Ox\u00f3ssi.<\/strong><\/h2><h2><strong>(Bridge &#8211; Samba instruments Carnaval)<\/strong><\/h2><h2><strong>Let&#8217;s go get-um Ox\u00f3ssi For Show.<\/strong><br \/><strong>Let&#8217;s go get-um Ox\u00f3ssi let\u2019s go.<\/strong><\/h2><h2><strong>Let&#8217;s go get-um Ox\u00f3ssi For Show.<\/strong><br \/><strong>Let&#8217;s go get-um Ox\u00f3ssi let\u2019s go.<\/strong><\/h2><h2><strong>Let&#8217;s go get-um Ox\u00f3ssi For Show.<\/strong><br \/><strong>Let&#8217;s go get-um Ox\u00f3ssi let\u2019s go.<\/strong><\/h2><h2><strong>Let&#8217;s go get-um Ox\u00f3ssi For Show.<\/strong><br \/><strong>Let&#8217;s go get-um Ox\u00f3ssi let\u2019s go.<\/strong><\/h2><h2><strong>(Outro &#8211; Samba instruments Carnaval)<\/strong><\/h2><h2><strong>Casa Samba proud to acknowledge<\/strong><br \/><strong>The greatest show walking on 2 feet.<\/strong><br \/><strong>The Mardi Gras Indians very profound,<\/strong><br \/><strong>from uptown to downtown and all around.<\/strong><\/h2><h2><strong>Tribes all over the city looking pretty,<\/strong><br \/><strong>telling a story from head to toe.<\/strong><br \/><strong>Gives homage to the ancestors, that<\/strong><br \/><strong>hid them in the forest, not the city.<\/strong><\/h2><h2><strong>Way back then, dressing like Indians made <\/strong><br \/><strong>it easy for en-slaved copper people to blend in. <\/strong><br \/><strong>Because many Indians had dark skin.<\/strong><\/h2><h2><br \/><strong>Aw-dey Ooooo, Ah-Aey.<\/strong><br \/><strong>Aw-dey Ooooo, Ah-Aey.\u2028<\/strong><\/h2><h2><strong>End Jaonnnnnnnnnn here day come,\u2028End Jaonnnnnnnnnn here day come,<\/strong><\/h2><h2><strong>Aw-dey Ooooo, Ah-Aey.<\/strong><br \/><strong>Aw-dey Ooooo, Ah-Aey.\u2028<\/strong><\/h2><h2><strong>End Jaonnnnnnnnnn here day come,\u2028End Jaonnnnnnnnnn here day come,<\/strong><\/h2><h2><strong>Aw-dey Ooooo, Ah-Aey.<\/strong><br \/><strong>Aw-dey Ooooo, Ah-Aey.\u2028<\/strong><\/h2><h2><strong>End Jaonnnnnnnnnn here day come,\u2028End Jaonnnnnnnnnn here day come,<\/strong><\/h2><h2><strong>Aw-dey Ooooo, Ah-Aey.<\/strong><br \/><strong>Aw-dey Ooooo, Ah-Aey.\u2028<\/strong><\/h2><h2><strong>End Jaonnnnnnnnnn here day come,\u2028End Jaonnnnnnnnnn here day come,<\/strong><\/h2>\t\t\t\t\t\t\t\t<\/div>\n\t\t\t\t<\/div>\n\t\t\t\t\t<\/div>\n\t\t\t\t<\/div>\n\t\t\t\t<\/div>\n\t\t","protected":false},"excerpt":{"rendered":"<p>Casa Samba is here in IN-OH-EL-LAY\u00a0(N. O. L. A.) pronunced IN-OH-EL-LAY Charts should be posted mid January Mardi Gras Brazil Conference Official Samba Song 2026 About the song; \u00a0\u00a0 \u00a0This song tells the story of Oxossi king of the forest. This song is about the awareness of our disappearing forests and trees, due to the [&hellip;]<\/p>\n","protected":false},"author":1,"featured_media":0,"parent":0,"menu_order":0,"comment_status":"closed","ping_status":"closed","template":"","meta":{"footnotes":""},"class_list":["post-1523","page","type-page","status-publish","hentry"],"_links":{"self":[{"href":"https:\/\/www.casasamba.com\/Registration\/wp-json\/wp\/v2\/pages\/1523","targetHints":{"allow":["GET"]}}],"collection":[{"href":"https:\/\/www.casasamba.com\/Registration\/wp-json\/wp\/v2\/pages"}],"about":[{"href":"https:\/\/www.casasamba.com\/Registration\/wp-json\/wp\/v2\/types\/page"}],"author":[{"embeddable":true,"href":"https:\/\/www.casasamba.com\/Registration\/wp-json\/wp\/v2\/users\/1"}],"replies":[{"embeddable":true,"href":"https:\/\/www.casasamba.com\/Registration\/wp-json\/wp\/v2\/comments?post=1523"}],"version-history":[{"count":7,"href":"https:\/\/www.casasamba.com\/Registration\/wp-json\/wp\/v2\/pages\/1523\/revisions"}],"predecessor-version":[{"id":1534,"href":"https:\/\/www.casasamba.com\/Registration\/wp-json\/wp\/v2\/pages\/1523\/revisions\/1534"}],"wp:attachment":[{"href":"https:\/\/www.casasamba.com\/Registration\/wp-json\/wp\/v2\/media?parent=1523"}],"curies":[{"name":"wp","href":"https:\/\/api.w.org\/{rel}","templated":true}]}}